{"id":1340,"date":"2022-05-20T13:10:54","date_gmt":"2022-05-20T11:10:54","guid":{"rendered":"http:\/\/www.dz-e.com\/?page_id=1340"},"modified":"2022-05-20T13:29:08","modified_gmt":"2022-05-20T11:29:08","slug":"dz-group","status":"publish","type":"page","link":"https:\/\/www.dz-e.com\/en\/about-us\/dz-group\/","title":{"rendered":"DZ GROUP"},"content":{"rendered":"<div class=\"wpb-content-wrapper\"><p>[vc_row full_width=&#8221;stretch_row&#8221;][vc_column]    <div class=\"desktopCategory\">\r\n\t\t\t\t\t\t\t\t\t\t\t<div class=\"boot-row\">\r\n\t\t\t\t\t<div class=\"boot-col-xl-1\"><\/div>\r\n\t\t\t\t\t<div class=\"boot-col-xl-5 d-flex flex-column justify-content-center\">\r\n\t\t\t\t\t\t<div class=\"boxTesto\">\r\n\t\t\t\t\t\t\t\t\t\t\t\t\t\t\t\t\t\t<h2 style=\"margin-bottom: 25px\">DZ GROUP HOLDING<\/h2>\t\t\t\t\t\t<p>Dino Zoli\u2019s entrepreneurial adventure began in 1972 in Forl\u00ec with the opening of Dino Zoli Textile, a reference point for furnishing fabrics worldwide. 2011 saw the acquisition of DZ Engineering, a company that designs and builds integrated lighting, telecommunications and audiovisual systems, both in Italy and abroad, offering solutions of the highest quality and significant technological content, the result of thirty years of experience gained throughout the world by the engineers and technicians who work there.<\/p>\n\t\t\t\t\t\t\t\t\t\t\t\t<\/div>\r\n\t\t\t\t\t<\/div>\r\n\t\t\t\t\t<div class=\"boot-col-xl-6\" style=\"background-image: url('https:\/\/www.dz-e.com\/wp-content\/uploads\/2022\/02\/Mandalika-Circuit_Indonesia-SBK_06-2.jpg'); background-size: cover; background-position: bottom right; min-height: 700px;\"><\/div>\r\n\t\t\t\t<\/div>\r\n\t\t\t\t\r\n\t\t\t\t\t\t\t\t\t\t\t\t<div class=\"boot-row\" style=\"background-color: #F1F1F1\">\r\n\t\t\t\t\t<div class=\"boot-col-xl-7\" style=\"background-image: url('https:\/\/www.dz-e.com\/wp-content\/uploads\/2022\/02\/Petrolchimico-Ferrara_\u00a9Lucrezia_Roda_016.jpg'); background-size: cover; background-position: bottom right; min-height: 700px;\"> <\/div>\r\n\t\t\t\t\t<div class=\"boot-col-xl-5 d-flex flex-column justify-content-center\">\r\n\t\t\t\t\t\t<div class=\"boxTesto3\">\r\n\t\t\t\t\t\t\t\t\t\t\t\t\t\t\t\t\t\t\t\t\t\t\t\t<p>Enthusiasm and passion are the driving force behind the entire Group\u2019s business, which over time has also expanded into other production areas, from construction to the production of fine oil and wine with the I Sabbioni company. DZ GROUP HOLDING was founded at the beginning of 2020, bringing together the companies owned by Dino, Monica and Marco Zoli, with the aim of organically concentrating the synergies already in place between the various organisations operating in extremely diversified sectors.<\/p>\n\t\t\t\t\t\t\t\t\t\t\t\t<\/div>\r\n\t\t\t\t\t<\/div>\r\n\t\t\t\t<\/div>\r\n\t\t\t\t\t    <\/div>\r\n\t\r\n    <div class=\"mobileCategory\">\r\n\t            \t\t\t\t\t\t<div class=\"boot-row\" >\r\n\t\t\t\t<div class=\"boot-col-12\">\r\n\t\t\t\t\t\t\t\t\t\t\t\t\t\t\t<h2 style=\"margin-bottom: 25px\">DZ GROUP HOLDING<\/h2>\t\t\t\t\t<p>Dino Zoli\u2019s entrepreneurial adventure began in 1972 in Forl\u00ec with the opening of Dino Zoli Textile, a reference point for furnishing fabrics worldwide. 2011 saw the acquisition of DZ Engineering, a company that designs and builds integrated lighting, telecommunications and audiovisual systems, both in Italy and abroad, offering solutions of the highest quality and significant technological content, the result of thirty years of experience gained throughout the world by the engineers and technicians who work there.<\/p>\n\t\t\t\t\t\t\t\t\t\t\r\n\t\t\t\t\t<img decoding=\"async\" class=\"boot-mt-4\" src=\"https:\/\/www.dz-e.com\/wp-content\/uploads\/2022\/02\/Mandalika-Circuit_Indonesia-SBK_06-2.jpg\">\r\n\t\t\t\t<\/div>\r\n\t\t\t<\/div>\r\n\t\t\t\t\t\t\t\t<div class=\"boot-row\" style=\"background-color: #F1F1F1\">\r\n\t\t\t\t<div class=\"boot-col-12\">\r\n\t\t\t\t\t\t\t\t\t\t\t\t\t\t\t\t\t\t\t\t<p>Enthusiasm and passion are the driving force behind the entire Group\u2019s business, which over time has also expanded into other production areas, from construction to the production of fine oil and wine with the I Sabbioni company. DZ GROUP HOLDING was founded at the beginning of 2020, bringing together the companies owned by Dino, Monica and Marco Zoli, with the aim of organically concentrating the synergies already in place between the various organisations operating in extremely diversified sectors.<\/p>\n\t\t\t\t\t\t\t\t\t\t\r\n\t\t\t\t\t<img decoding=\"async\" class=\"boot-mt-4\" src=\"https:\/\/www.dz-e.com\/wp-content\/uploads\/2022\/02\/Petrolchimico-Ferrara_\u00a9Lucrezia_Roda_016.jpg\">\r\n\t\t\t\t<\/div>\r\n\t\t\t<\/div>\r\n\t\t    <\/div>\r\n    [\/vc_column][\/vc_row][vc_row][vc_column][vc_empty_space][\/vc_column][\/vc_row][vc_row css=&#8221;.vc_custom_1645610406966{background-image: url(http:\/\/www.dz-e.com\/wp-content\/uploads\/2022\/02\/date_storia.png?id=877) !important;background-position: center !important;background-repeat: no-repeat !important;background-size: cover !important;}&#8221;][vc_column width=&#8221;1\/2&#8243;][vc_empty_space][vc_row_inner][vc_column_inner]\r\n    <div class=\"desktopCategory\">\r\n        <div class=\"boot-row\" style=\"color: #fff\">\r\n            <div class=\"boot-col-12\">\r\n                <div class=\"boot-row\">\r\n                    <div class=\"boot-col-xl-2\">\r\n                        <h2 style=\"text-decoration: underline; color: #fff; white-space: nowrap;\">1972<\/h2>\r\n                    <\/div>\r\n                    <div class=\"boot-col-xl-10 d-flex flex-column justify-content-center\">\r\n                        <p style=\"text-transform: uppercase\"><strong> Dino Zoli Textile <\/strong><\/p>\r\n                        <p>Inizio dell'avventura di Dino Zoli con l'apertura a Forl\u00ec di Dino ZOli Textile<\/p>\r\n                    <\/div>\r\n                <\/div>\r\n            <\/div>\r\n        <\/div>\r\n    <\/div>\r\n    <div class=\"mobileCategory\">\r\n\t\t<div class=\"boot-row\" style=\"color: #fff\">\r\n\t\t\t<div class=\"boot-col-xl-12\">\r\n\t\t\t\t<h2 style=\"text-decoration: underline; color: #fff\">1972<\/h2>\r\n\t\t\t<\/div>\r\n\t\t\t<div class=\"boot-col-xl-12\">\r\n\t\t\t\t<p style=\"text-transform: uppercase\"><strong> Dino Zoli Textile <\/strong><\/p>\r\n\t\t\t\t<p>Inizio dell'avventura di Dino Zoli con l'apertura a Forl\u00ec di Dino ZOli Textile<\/p>\r\n\t\t\t<\/div>\r\n\t\t<\/div>\r\n    <\/div>\r\n\r\n\r\n    [\/vc_column_inner][\/vc_row_inner][vc_empty_space][vc_row_inner][vc_column_inner]\r\n    <div class=\"desktopCategory\">\r\n        <div class=\"boot-row\" style=\"color: #fff\">\r\n            <div class=\"boot-col-12\">\r\n                <div class=\"boot-row\">\r\n                    <div class=\"boot-col-xl-2\">\r\n                        <h2 style=\"text-decoration: underline; color: #fff; white-space: nowrap;\">2011<\/h2>\r\n                    <\/div>\r\n                    <div class=\"boot-col-xl-10 d-flex flex-column justify-content-center\">\r\n                        <p style=\"text-transform: uppercase\"><strong> DZ engineering <\/strong><\/p>\r\n                        <p>Acquisizione di DZ engineering<\/p>\r\n                    <\/div>\r\n                <\/div>\r\n            <\/div>\r\n        <\/div>\r\n    <\/div>\r\n    <div class=\"mobileCategory\">\r\n\t\t<div class=\"boot-row\" style=\"color: #fff\">\r\n\t\t\t<div class=\"boot-col-xl-12\">\r\n\t\t\t\t<h2 style=\"text-decoration: underline; color: #fff\">2011<\/h2>\r\n\t\t\t<\/div>\r\n\t\t\t<div class=\"boot-col-xl-12\">\r\n\t\t\t\t<p style=\"text-transform: uppercase\"><strong> DZ engineering <\/strong><\/p>\r\n\t\t\t\t<p>Acquisizione di DZ engineering<\/p>\r\n\t\t\t<\/div>\r\n\t\t<\/div>\r\n    <\/div>\r\n\r\n\r\n    [\/vc_column_inner][\/vc_row_inner][vc_empty_space][\/vc_column][vc_column width=&#8221;1\/2&#8243;][vc_empty_space][vc_row_inner][vc_column_inner]\r\n    <div class=\"desktopCategory\">\r\n        <div class=\"boot-row\" style=\"color: #fff\">\r\n            <div class=\"boot-col-12\">\r\n                <div class=\"boot-row\">\r\n                    <div class=\"boot-col-xl-2\">\r\n                        <h2 style=\"text-decoration: underline; color: #fff; white-space: nowrap;\">2020<\/h2>\r\n                    <\/div>\r\n                    <div class=\"boot-col-xl-10 d-flex flex-column justify-content-center\">\r\n                        <p style=\"text-transform: uppercase\"><strong> DZ Group Holding <\/strong><\/p>\r\n                        <p>Nel 2020 vengono raggruppate le aziende per creare DZ Group Holding<\/p>\r\n                    <\/div>\r\n                <\/div>\r\n            <\/div>\r\n        <\/div>\r\n    <\/div>\r\n    <div class=\"mobileCategory\">\r\n\t\t<div class=\"boot-row\" style=\"color: #fff\">\r\n\t\t\t<div class=\"boot-col-xl-12\">\r\n\t\t\t\t<h2 style=\"text-decoration: underline; color: #fff\">2020<\/h2>\r\n\t\t\t<\/div>\r\n\t\t\t<div class=\"boot-col-xl-12\">\r\n\t\t\t\t<p style=\"text-transform: uppercase\"><strong> DZ Group Holding <\/strong><\/p>\r\n\t\t\t\t<p>Nel 2020 vengono raggruppate le aziende per creare DZ Group Holding<\/p>\r\n\t\t\t<\/div>\r\n\t\t<\/div>\r\n    <\/div>\r\n\r\n\r\n    [\/vc_column_inner][\/vc_row_inner][vc_empty_space][vc_empty_space][\/vc_column][\/vc_row][vc_row][vc_column][vc_empty_space][\/vc_column][\/vc_row][vc_row full_width=&#8221;stretch_row&#8221; disable_element=&#8221;yes&#8221;][vc_column]\r\n    <div class=\"desktopCategory\">\r\n        <div class=\"boot-row\">\r\n            <div class=\"boot-col-xl-1\"><\/div>\r\n            <div class=\"boot-col-xl-4 d-flex flex-column justify-content-center\">\r\n                 <h2 style=\"margin-bottom: 25px\">La nostra filosofia<\/h2>\r\n                <div>L\u2019entusiasmo e la passione sono motore delle attivit\u00e0 di tutto il Gruppo che nel tempo si \u00e8 rivolto anche ad altri ambiti produttivi, dalle costruzioni alla produzione di olio e vino di pregio con la societ\u00e0 I Sabbioni. DZ GROUP HOLDING nasce ad inizio 2020 raccogliendo le aziende di propriet\u00e0 di Dino, Monica e Marco Zoli con l\u2019obiettivo di concentrare organicamente le sinergie esistenti fra le varie realt\u00e0 operanti in settori estremamente diversificati.<\/div>\r\n            <\/div>\r\n            <div class=\"boot-col-xl-7\">\r\n                <div><img decoding=\"async\" src=\"https:\/\/www.dz-e.com\/wp-content\/uploads\/2022\/02\/filosofia.png\"  width=\"1084\" height=\"557\"\/><\/div>\r\n            <\/div>\r\n        <\/div>\r\n    <\/div>\r\n\t\r\n    <div class=\"mobileCategory\">\r\n\t\t<h2 style=\"margin-bottom: 25px\">La nostra filosofia<\/h2>\r\n\t\t<div>L\u2019entusiasmo e la passione sono motore delle attivit\u00e0 di tutto il Gruppo che nel tempo si \u00e8 rivolto anche ad altri ambiti produttivi, dalle costruzioni alla produzione di olio e vino di pregio con la societ\u00e0 I Sabbioni. DZ GROUP HOLDING nasce ad inizio 2020 raccogliendo le aziende di propriet\u00e0 di Dino, Monica e Marco Zoli con l\u2019obiettivo di concentrare organicamente le sinergie esistenti fra le varie realt\u00e0 operanti in settori estremamente diversificati.<\/div>\r\n\t\t<img decoding=\"async\" class=\"boot-mt-4\" src=\"https:\/\/www.dz-e.com\/wp-content\/uploads\/2022\/02\/filosofia.png\"  width=\"1084\" height=\"557\"\/>\r\n    <\/div>\r\n\r\n\r\n    [\/vc_column][\/vc_row]<\/p>\n<\/div>","protected":false},"excerpt":{"rendered":"<p>[vc_row full_width=&#8221;stretch_row&#8221;][vc_column][\/vc_column][\/vc_row][vc_row][vc_column][vc_empty_space][\/vc_column][\/vc_row][vc_row css=&#8221;.vc_custom_1645610406966{background-image: url(http:\/\/www.dz-e.com\/wp-content\/uploads\/2022\/02\/date_storia.png?id=877) !important;background-position: center !important;background-repeat: no-repeat !important;background-size: cover !important;}&#8221;][vc_column width=&#8221;1\/2&#8243;][vc_empty_space][vc_row_inner][vc_column_inner][\/vc_column_inner][\/vc_row_inner][vc_empty_space][vc_row_inner][vc_column_inner][\/vc_column_inner][\/vc_row_inner][vc_empty_space][\/vc_column][vc_column width=&#8221;1\/2&#8243;][vc_empty_space][vc_row_inner][vc_column_inner][\/vc_column_inner][\/vc_row_inner][vc_empty_space][vc_empty_space][\/vc_column][\/vc_row][vc_row][vc_column][vc_empty_space][\/vc_column][\/vc_row][vc_row full_width=&#8221;stretch_row&#8221; disable_element=&#8221;yes&#8221;][vc_column][\/vc_column][\/vc_row]<\/p>\n","protected":false},"author":1,"featured_media":0,"parent":1335,"menu_order":0,"comment_status":"closed","ping_status":"closed","template":"","meta":{"_acf_changed":false,"footnotes":""},"class_list":["post-1340","page","type-page","status-publish","hentry"],"acf":[],"yoast_head":"<!-- This site is optimized with the Yoast SEO plugin v27.0 - https:\/\/yoast.com\/product\/yoast-seo-wordpress\/ -->\n<title>DZ GROUP - DZ Engineering<\/title>\n<meta name=\"description\" content=\"Visit the site to discover DZ Engeenering&#039;s Holding!\" \/>\n<meta name=\"robots\" content=\"index, follow, max-snippet:-1, max-image-preview:large, max-video-preview:-1\" \/>\n<link rel=\"canonical\" href=\"https:\/\/www.dz-e.com\/en\/about-us\/dz-group\/\" \/>\n<meta property=\"og:locale\" content=\"en_US\" \/>\n<meta property=\"og:type\" content=\"article\" \/>\n<meta property=\"og:title\" content=\"DZ GROUP - DZ Engineering\" \/>\n<meta property=\"og:description\" content=\"Visit the site to discover DZ Engeenering&#039;s Holding!\" \/>\n<meta property=\"og:url\" content=\"https:\/\/www.dz-e.com\/en\/about-us\/dz-group\/\" \/>\n<meta property=\"og:site_name\" content=\"DZ Engineering\" \/>\n<meta property=\"article:modified_time\" content=\"2022-05-20T11:29:08+00:00\" \/>\n<meta name=\"twitter:card\" content=\"summary_large_image\" \/>\n<meta name=\"twitter:label1\" content=\"Est. reading time\" \/>\n\t<meta name=\"twitter:data1\" content=\"1 minute\" \/>\n<script type=\"application\/ld+json\" class=\"yoast-schema-graph\">{\"@context\":\"https:\/\/schema.org\",\"@graph\":[{\"@type\":\"WebPage\",\"@id\":\"https:\/\/www.dz-e.com\/en\/about-us\/dz-group\/\",\"url\":\"https:\/\/www.dz-e.com\/en\/about-us\/dz-group\/\",\"name\":\"DZ GROUP - DZ Engineering\",\"isPartOf\":{\"@id\":\"https:\/\/www.dz-e.com\/#website\"},\"datePublished\":\"2022-05-20T11:10:54+00:00\",\"dateModified\":\"2022-05-20T11:29:08+00:00\",\"description\":\"Visit the site to discover DZ Engeenering's Holding!\",\"breadcrumb\":{\"@id\":\"https:\/\/www.dz-e.com\/en\/about-us\/dz-group\/#breadcrumb\"},\"inLanguage\":\"en-US\",\"potentialAction\":[{\"@type\":\"ReadAction\",\"target\":[\"https:\/\/www.dz-e.com\/en\/about-us\/dz-group\/\"]}]},{\"@type\":\"BreadcrumbList\",\"@id\":\"https:\/\/www.dz-e.com\/en\/about-us\/dz-group\/#breadcrumb\",\"itemListElement\":[{\"@type\":\"ListItem\",\"position\":1,\"name\":\"Home\",\"item\":\"https:\/\/www.dz-e.com\/en\/\"},{\"@type\":\"ListItem\",\"position\":2,\"name\":\"About us\",\"item\":\"https:\/\/www.dz-e.com\/en\/about-us\/\"},{\"@type\":\"ListItem\",\"position\":3,\"name\":\"DZ GROUP\"}]},{\"@type\":\"WebSite\",\"@id\":\"https:\/\/www.dz-e.com\/#website\",\"url\":\"https:\/\/www.dz-e.com\/\",\"name\":\"DZ Engineering\",\"description\":\"Un nuovo sito targato WordPress\",\"potentialAction\":[{\"@type\":\"SearchAction\",\"target\":{\"@type\":\"EntryPoint\",\"urlTemplate\":\"https:\/\/www.dz-e.com\/?s={search_term_string}\"},\"query-input\":{\"@type\":\"PropertyValueSpecification\",\"valueRequired\":true,\"valueName\":\"search_term_string\"}}],\"inLanguage\":\"en-US\"}]}<\/script>\n<!-- \/ Yoast SEO plugin. -->","yoast_head_json":{"title":"DZ GROUP - DZ Engineering","description":"Visit the site to discover DZ Engeenering's Holding!","robots":{"index":"index","follow":"follow","max-snippet":"max-snippet:-1","max-image-preview":"max-image-preview:large","max-video-preview":"max-video-preview:-1"},"canonical":"https:\/\/www.dz-e.com\/en\/about-us\/dz-group\/","og_locale":"en_US","og_type":"article","og_title":"DZ GROUP - DZ Engineering","og_description":"Visit the site to discover DZ Engeenering's Holding!","og_url":"https:\/\/www.dz-e.com\/en\/about-us\/dz-group\/","og_site_name":"DZ Engineering","article_modified_time":"2022-05-20T11:29:08+00:00","twitter_card":"summary_large_image","twitter_misc":{"Est. reading time":"1 minute"},"schema":{"@context":"https:\/\/schema.org","@graph":[{"@type":"WebPage","@id":"https:\/\/www.dz-e.com\/en\/about-us\/dz-group\/","url":"https:\/\/www.dz-e.com\/en\/about-us\/dz-group\/","name":"DZ GROUP - DZ Engineering","isPartOf":{"@id":"https:\/\/www.dz-e.com\/#website"},"datePublished":"2022-05-20T11:10:54+00:00","dateModified":"2022-05-20T11:29:08+00:00","description":"Visit the site to discover DZ Engeenering's Holding!","breadcrumb":{"@id":"https:\/\/www.dz-e.com\/en\/about-us\/dz-group\/#breadcrumb"},"inLanguage":"en-US","potentialAction":[{"@type":"ReadAction","target":["https:\/\/www.dz-e.com\/en\/about-us\/dz-group\/"]}]},{"@type":"BreadcrumbList","@id":"https:\/\/www.dz-e.com\/en\/about-us\/dz-group\/#breadcrumb","itemListElement":[{"@type":"ListItem","position":1,"name":"Home","item":"https:\/\/www.dz-e.com\/en\/"},{"@type":"ListItem","position":2,"name":"About us","item":"https:\/\/www.dz-e.com\/en\/about-us\/"},{"@type":"ListItem","position":3,"name":"DZ GROUP"}]},{"@type":"WebSite","@id":"https:\/\/www.dz-e.com\/#website","url":"https:\/\/www.dz-e.com\/","name":"DZ Engineering","description":"Un nuovo sito targato WordPress","potentialAction":[{"@type":"SearchAction","target":{"@type":"EntryPoint","urlTemplate":"https:\/\/www.dz-e.com\/?s={search_term_string}"},"query-input":{"@type":"PropertyValueSpecification","valueRequired":true,"valueName":"search_term_string"}}],"inLanguage":"en-US"}]}},"_links":{"self":[{"href":"https:\/\/www.dz-e.com\/en\/wp-json\/wp\/v2\/pages\/1340","targetHints":{"allow":["GET"]}}],"collection":[{"href":"https:\/\/www.dz-e.com\/en\/wp-json\/wp\/v2\/pages"}],"about":[{"href":"https:\/\/www.dz-e.com\/en\/wp-json\/wp\/v2\/types\/page"}],"author":[{"embeddable":true,"href":"https:\/\/www.dz-e.com\/en\/wp-json\/wp\/v2\/users\/1"}],"replies":[{"embeddable":true,"href":"https:\/\/www.dz-e.com\/en\/wp-json\/wp\/v2\/comments?post=1340"}],"version-history":[{"count":4,"href":"https:\/\/www.dz-e.com\/en\/wp-json\/wp\/v2\/pages\/1340\/revisions"}],"predecessor-version":[{"id":3873,"href":"https:\/\/www.dz-e.com\/en\/wp-json\/wp\/v2\/pages\/1340\/revisions\/3873"}],"up":[{"embeddable":true,"href":"https:\/\/www.dz-e.com\/en\/wp-json\/wp\/v2\/pages\/1335"}],"wp:attachment":[{"href":"https:\/\/www.dz-e.com\/en\/wp-json\/wp\/v2\/media?parent=1340"}],"curies":[{"name":"wp","href":"https:\/\/api.w.org\/{rel}","templated":true}]}}